{"id":210,"date":"2025-10-19T13:46:00","date_gmt":"2025-10-19T13:46:00","guid":{"rendered":"https:\/\/mjgvisuals.de\/?page_id=210"},"modified":"2026-01-21T15:54:12","modified_gmt":"2026-01-21T15:54:12","slug":"originalgemaelde","status":"publish","type":"page","link":"https:\/\/mjgvisuals.de\/en\/originalgemaelde\/","title":{"rendered":"Original Paintings"},"content":{"rendered":"<div data-elementor-type=\"wp-page\" data-elementor-id=\"210\" class=\"elementor elementor-210\" data-elementor-post-type=\"page\">\n\t\t\t\t<div class=\"elementor-element elementor-element-6eca7cc e-flex e-con-boxed e-con e-parent\" data-id=\"6eca7cc\" data-element_type=\"container\" data-settings=\"{&quot;background_background&quot;:&quot;classic&quot;}\">\n\t\t\t\t\t<div class=\"e-con-inner\">\n\t\t<div class=\"elementor-element elementor-element-f2d523a e-con-full e-flex e-con e-child\" data-id=\"f2d523a\" data-element_type=\"container\">\n\t\t<div class=\"elementor-element elementor-element-da6c648 e-con-full elementor-hidden-mobile e-flex e-con e-child\" data-id=\"da6c648\" data-element_type=\"container\">\n\t\t\t\t<div class=\"elementor-element elementor-element-5ff3f6e e-transform elementor-widget elementor-widget-image\" data-id=\"5ff3f6e\" data-element_type=\"widget\" data-settings=\"{&quot;_transform_rotateZ_effect&quot;:{&quot;unit&quot;:&quot;px&quot;,&quot;size&quot;:-13,&quot;sizes&quot;:[]},&quot;_transform_rotateZ_effect_tablet&quot;:{&quot;unit&quot;:&quot;deg&quot;,&quot;size&quot;:&quot;&quot;,&quot;sizes&quot;:[]},&quot;_transform_rotateZ_effect_mobile&quot;:{&quot;unit&quot;:&quot;deg&quot;,&quot;size&quot;:&quot;&quot;,&quot;sizes&quot;:[]}}\" data-widget_type=\"image.default\">\n\t\t\t\t\t\t\t\t\t\t\t\t\t\t\t<img fetchpriority=\"high\" decoding=\"async\" width=\"728\" height=\"958\" src=\"https:\/\/mjgvisuals.de\/wp-content\/uploads\/2025\/10\/tattoo-prints.png\" class=\"attachment-large size-large wp-image-69\" alt=\"\" srcset=\"https:\/\/mjgvisuals.de\/wp-content\/uploads\/2025\/10\/tattoo-prints.png 728w, https:\/\/mjgvisuals.de\/wp-content\/uploads\/2025\/10\/tattoo-prints-600x790.png 600w, https:\/\/mjgvisuals.de\/wp-content\/uploads\/2025\/10\/tattoo-prints-228x300.png 228w, https:\/\/mjgvisuals.de\/wp-content\/uploads\/2025\/10\/tattoo-prints-9x12.png 9w\" sizes=\"(max-width: 728px) 100vw, 728px\" \/>\t\t\t\t\t\t\t\t\t\t\t\t\t\t\t<\/div>\n\t\t\t\t<\/div>\n\t\t<div class=\"elementor-element elementor-element-c39d908 e-con-full e-flex e-con e-child\" data-id=\"c39d908\" data-element_type=\"container\">\n\t\t\t\t<div class=\"elementor-element elementor-element-c58a66b elementor-widget elementor-widget-heading\" data-id=\"c58a66b\" data-element_type=\"widget\" data-widget_type=\"heading.default\">\n\t\t\t\t\t<h1 class=\"elementor-heading-title elementor-size-default\">ORIGINAL PAINTINGS<\/h1>\t\t\t\t<\/div>\n\t\t\t\t<div class=\"elementor-element elementor-element-3565766 elementor-widget__width-initial elementor-widget elementor-widget-text-editor\" data-id=\"3565766\" data-element_type=\"widget\" data-widget_type=\"text-editor.default\">\n\t\t\t\t\t\t\t\t\t<p><b>Original Painting.<\/b> A captivating portrait, created in oil on canvas.<\/p>\t\t\t\t\t\t\t\t<\/div>\n\t\t\t\t<\/div>\n\t\t<div class=\"elementor-element elementor-element-e3fee02 e-con-full elementor-hidden-mobile e-flex e-con e-child\" data-id=\"e3fee02\" data-element_type=\"container\">\n\t\t\t\t<div class=\"elementor-element elementor-element-03d5a7a e-transform elementor-widget elementor-widget-image\" data-id=\"03d5a7a\" data-element_type=\"widget\" data-settings=\"{&quot;_transform_rotateZ_effect&quot;:{&quot;unit&quot;:&quot;px&quot;,&quot;size&quot;:13,&quot;sizes&quot;:[]},&quot;_transform_rotateZ_effect_tablet&quot;:{&quot;unit&quot;:&quot;deg&quot;,&quot;size&quot;:&quot;&quot;,&quot;sizes&quot;:[]},&quot;_transform_rotateZ_effect_mobile&quot;:{&quot;unit&quot;:&quot;deg&quot;,&quot;size&quot;:&quot;&quot;,&quot;sizes&quot;:[]}}\" data-widget_type=\"image.default\">\n\t\t\t\t\t\t\t\t\t\t\t\t\t\t\t<img decoding=\"async\" width=\"800\" height=\"800\" src=\"https:\/\/mjgvisuals.de\/wp-content\/uploads\/2025\/10\/square-paiting-1.png\" class=\"attachment-large size-large wp-image-68\" alt=\"\" srcset=\"https:\/\/mjgvisuals.de\/wp-content\/uploads\/2025\/10\/square-paiting-1.png 839w, https:\/\/mjgvisuals.de\/wp-content\/uploads\/2025\/10\/square-paiting-1-300x300.png 300w, https:\/\/mjgvisuals.de\/wp-content\/uploads\/2025\/10\/square-paiting-1-100x100.png 100w, https:\/\/mjgvisuals.de\/wp-content\/uploads\/2025\/10\/square-paiting-1-600x600.png 600w, https:\/\/mjgvisuals.de\/wp-content\/uploads\/2025\/10\/square-paiting-1-150x150.png 150w, https:\/\/mjgvisuals.de\/wp-content\/uploads\/2025\/10\/square-paiting-1-768x768.png 768w, https:\/\/mjgvisuals.de\/wp-content\/uploads\/2025\/10\/square-paiting-1-12x12.png 12w, https:\/\/mjgvisuals.de\/wp-content\/uploads\/2025\/10\/square-paiting-1-650x650.png 650w\" sizes=\"(max-width: 800px) 100vw, 800px\" \/>\t\t\t\t\t\t\t\t\t\t\t\t\t\t\t<\/div>\n\t\t\t\t<\/div>\n\t\t\t\t<\/div>\n\t\t\t\t\t<\/div>\n\t\t\t\t<\/div>\n\t\t<div class=\"elementor-element elementor-element-2c22bf0 e-flex e-con-boxed e-con e-parent\" data-id=\"2c22bf0\" data-element_type=\"container\" data-settings=\"{&quot;background_background&quot;:&quot;classic&quot;}\">\n\t\t\t\t\t<div class=\"e-con-inner\">\n\t\t<div class=\"elementor-element elementor-element-4eb9582c e-con-full e-flex e-con e-child\" data-id=\"4eb9582c\" data-element_type=\"container\">\n\t\t<div class=\"elementor-element elementor-element-27c4067 e-con-full e-flex e-con e-child\" data-id=\"27c4067\" data-element_type=\"container\">\n\t\t<div class=\"elementor-element elementor-element-1d201b8 e-con-full e-flex e-con e-child\" data-id=\"1d201b8\" data-element_type=\"container\">\n\t\t\t\t<div class=\"elementor-element elementor-element-cabf596 elementor-widget elementor-widget-heading\" data-id=\"cabf596\" data-element_type=\"widget\" data-widget_type=\"heading.default\">\n\t\t\t\t\t<h2 class=\"elementor-heading-title elementor-size-default\">Paintings available upon request.<\/h2>\t\t\t\t<\/div>\n\t\t\t\t<div class=\"elementor-element elementor-element-3619958 elementor-grid-3 elementor-product-loop-item--align-center elementor-grid-mobile-1 elementor-grid-tablet-3 elementor-products-grid elementor-wc-products elementor-widget elementor-widget-woocommerce-products\" data-id=\"3619958\" data-element_type=\"widget\" data-widget_type=\"woocommerce-products.default\">\n\t\t\t\t<div class=\"elementor-widget-container\">\n\t\t\t\t\t<div class=\"woocommerce columns-3\"><ul class=\"products elementor-grid columns-3\">\n<li class=\"product type-product post-200 status-publish first instock product_cat-originalgemaelde has-post-thumbnail shipping-taxable purchasable product-type-simple\">\n\t<a href=\"https:\/\/mjgvisuals.de\/en\/product\/original-oelgemaelde-auf-leinwand\/\" class=\"woocommerce-LoopProduct-link woocommerce-loop-product__link\"><img decoding=\"async\" width=\"300\" height=\"300\" src=\"https:\/\/mjgvisuals.de\/wp-content\/uploads\/woo-watermark\/2025\/10\/A457D4BD-22D7-44B2-8D9F-8FEA2CE1909B-300x300.jpg\" class=\"attachment-woocommerce_thumbnail size-woocommerce_thumbnail\" alt=\"Acrylic Paint on Canvas\" srcset=\"https:\/\/mjgvisuals.de\/wp-content\/uploads\/woo-watermark\/2025\/10\/A457D4BD-22D7-44B2-8D9F-8FEA2CE1909B-300x300.jpg 300w, https:\/\/mjgvisuals.de\/wp-content\/uploads\/woo-watermark\/2025\/10\/A457D4BD-22D7-44B2-8D9F-8FEA2CE1909B-150x150.jpg 150w, https:\/\/mjgvisuals.de\/wp-content\/uploads\/woo-watermark\/2025\/10\/A457D4BD-22D7-44B2-8D9F-8FEA2CE1909B-650x650.jpg 650w, https:\/\/mjgvisuals.de\/wp-content\/uploads\/2025\/10\/A457D4BD-22D7-44B2-8D9F-8FEA2CE1909B-1300x1300.jpg 1300w, https:\/\/mjgvisuals.de\/wp-content\/uploads\/woo-watermark\/2025\/10\/A457D4BD-22D7-44B2-8D9F-8FEA2CE1909B-100x100.jpg 100w\" sizes=\"(max-width: 300px) 100vw, 300px\" \/><h2 class=\"woocommerce-loop-product__title\">Acrylic Paint on Canvas<\/h2>\n\t<span class=\"price\"><span class=\"woocommerce-Price-amount amount\"><bdi>34,00&nbsp;<span class=\"woocommerce-Price-currencySymbol\">&euro;<\/span><\/bdi><\/span><\/span>\n<\/a><a href=\"\/en\/wp-json\/wp\/v2\/pages\/210?add-to-cart=200\" aria-describedby=\"woocommerce_loop_add_to_cart_link_describedby_200\" data-quantity=\"1\" class=\"button product_type_simple add_to_cart_button ajax_add_to_cart\" data-product_id=\"200\" data-product_sku=\"\" aria-label=\"Add to basket: \u201cAcrylic Paint on Canvas\u201d\" rel=\"nofollow\" data-success_message=\"\u201cAcrylic Paint on Canvas\u201d has been added to your cart\" role=\"button\" data-no-translation=\"\" data-trp-gettext=\"\" data-no-translation-aria-label=\"\" data-no-translation-data-success_message=\"\">Add to basket<\/a>\t<span id=\"woocommerce_loop_add_to_cart_link_describedby_200\" class=\"screen-reader-text\">\n\t\t\t<\/span>\n<\/li>\n<\/ul>\n<\/div>\t\t\t\t<\/div>\n\t\t\t\t<\/div>\n\t\t\t\t<\/div>\n\t\t\t\t<\/div>\n\t\t\t\t<\/div>\n\t\t\t\t\t<\/div>\n\t\t\t\t<\/div>\n\t\t\t\t<\/div>","protected":false},"excerpt":{"rendered":"<p>Original Gem\u00e4lde Original Gem\u00e4lde. Ein fesselndes Portr\u00e4t, geschaffen in \u00d6l auf Leinwand. Gem\u00e4lde auf Anfrage erh\u00e4ltlich.<\/p>","protected":false},"author":2,"featured_media":0,"parent":0,"menu_order":0,"comment_status":"closed","ping_status":"closed","template":"elementor_header_footer","meta":{"footnotes":""},"class_list":["post-210","page","type-page","status-publish","hentry"],"_links":{"self":[{"href":"https:\/\/mjgvisuals.de\/en\/wp-json\/wp\/v2\/pages\/210","targetHints":{"allow":["GET"]}}],"collection":[{"href":"https:\/\/mjgvisuals.de\/en\/wp-json\/wp\/v2\/pages"}],"about":[{"href":"https:\/\/mjgvisuals.de\/en\/wp-json\/wp\/v2\/types\/page"}],"author":[{"embeddable":true,"href":"https:\/\/mjgvisuals.de\/en\/wp-json\/wp\/v2\/users\/2"}],"replies":[{"embeddable":true,"href":"https:\/\/mjgvisuals.de\/en\/wp-json\/wp\/v2\/comments?post=210"}],"version-history":[{"count":0,"href":"https:\/\/mjgvisuals.de\/en\/wp-json\/wp\/v2\/pages\/210\/revisions"}],"wp:attachment":[{"href":"https:\/\/mjgvisuals.de\/en\/wp-json\/wp\/v2\/media?parent=210"}],"curies":[{"name":"wp","href":"https:\/\/api.w.org\/{rel}","templated":true}]}}