{"id":246,"date":"2025-10-21T09:02:26","date_gmt":"2025-10-21T09:02:26","guid":{"rendered":"https:\/\/mjgvisuals.de\/?page_id=246"},"modified":"2026-01-21T15:52:57","modified_gmt":"2026-01-21T15:52:57","slug":"mjg-shop","status":"publish","type":"page","link":"https:\/\/mjgvisuals.de\/en\/mjg-shop\/","title":{"rendered":"MJG-Shop"},"content":{"rendered":"<div data-elementor-type=\"wp-page\" data-elementor-id=\"246\" class=\"elementor elementor-246\" data-elementor-post-type=\"page\">\n\t\t\t\t<div class=\"elementor-element elementor-element-d01d7e4 e-flex e-con-boxed e-con e-parent\" data-id=\"d01d7e4\" data-element_type=\"container\" data-settings=\"{&quot;background_background&quot;:&quot;classic&quot;}\">\n\t\t\t\t\t<div class=\"e-con-inner\">\n\t\t<div class=\"elementor-element elementor-element-7dbae03 e-con-full e-flex e-con e-child\" data-id=\"7dbae03\" data-element_type=\"container\">\n\t\t<div class=\"elementor-element elementor-element-7f3b11a e-con-full elementor-hidden-mobile e-flex e-con e-child\" data-id=\"7f3b11a\" data-element_type=\"container\">\n\t\t\t\t<div class=\"elementor-element elementor-element-7c8cdcf e-transform elementor-widget elementor-widget-image\" data-id=\"7c8cdcf\" data-element_type=\"widget\" data-settings=\"{&quot;_transform_rotateZ_effect&quot;:{&quot;unit&quot;:&quot;px&quot;,&quot;size&quot;:-13,&quot;sizes&quot;:[]},&quot;_transform_rotateZ_effect_tablet&quot;:{&quot;unit&quot;:&quot;deg&quot;,&quot;size&quot;:&quot;&quot;,&quot;sizes&quot;:[]},&quot;_transform_rotateZ_effect_mobile&quot;:{&quot;unit&quot;:&quot;deg&quot;,&quot;size&quot;:&quot;&quot;,&quot;sizes&quot;:[]}}\" data-widget_type=\"image.default\">\n\t\t\t\t\t\t\t\t\t\t\t\t\t\t\t<img fetchpriority=\"high\" decoding=\"async\" width=\"800\" height=\"800\" src=\"https:\/\/mjgvisuals.de\/wp-content\/uploads\/2025\/10\/comingsoo.jpeg\" class=\"attachment-large size-large wp-image-199\" alt=\"MJG Visuals\" srcset=\"https:\/\/mjgvisuals.de\/wp-content\/uploads\/2025\/10\/comingsoo.jpeg 878w, https:\/\/mjgvisuals.de\/wp-content\/uploads\/2025\/10\/comingsoo-300x300.jpeg 300w, https:\/\/mjgvisuals.de\/wp-content\/uploads\/2025\/10\/comingsoo-150x150.jpeg 150w, https:\/\/mjgvisuals.de\/wp-content\/uploads\/2025\/10\/comingsoo-768x768.jpeg 768w, https:\/\/mjgvisuals.de\/wp-content\/uploads\/2025\/10\/comingsoo-12x12.jpeg 12w, https:\/\/mjgvisuals.de\/wp-content\/uploads\/2025\/10\/comingsoo-650x650.jpeg 650w, https:\/\/mjgvisuals.de\/wp-content\/uploads\/2025\/10\/comingsoo-600x600.jpeg 600w, https:\/\/mjgvisuals.de\/wp-content\/uploads\/2025\/10\/comingsoo-100x100.jpeg 100w\" sizes=\"(max-width: 800px) 100vw, 800px\" \/>\t\t\t\t\t\t\t\t\t\t\t\t\t\t\t<\/div>\n\t\t\t\t<\/div>\n\t\t<div class=\"elementor-element elementor-element-a88f455 e-con-full e-flex e-con e-child\" data-id=\"a88f455\" data-element_type=\"container\">\n\t\t\t\t<div class=\"elementor-element elementor-element-8fd01eb elementor-widget elementor-widget-heading\" data-id=\"8fd01eb\" data-element_type=\"widget\" data-widget_type=\"heading.default\">\n\t\t\t\t\t<h1 class=\"elementor-heading-title elementor-size-default\">Our Collection<\/h1>\t\t\t\t<\/div>\n\t\t\t\t<div class=\"elementor-element elementor-element-34f9f42 elementor-widget__width-initial elementor-widget elementor-widget-text-editor\" data-id=\"34f9f42\" data-element_type=\"widget\" data-widget_type=\"text-editor.default\">\n\t\t\t\t\t\t\t\t\t<p>Ready to find your new favorite?<\/p>\t\t\t\t\t\t\t\t<\/div>\n\t\t\t\t<\/div>\n\t\t<div class=\"elementor-element elementor-element-e25f1ab e-con-full elementor-hidden-mobile e-flex e-con e-child\" data-id=\"e25f1ab\" data-element_type=\"container\">\n\t\t\t\t<div class=\"elementor-element elementor-element-b48548c e-transform elementor-widget elementor-widget-image\" data-id=\"b48548c\" data-element_type=\"widget\" data-settings=\"{&quot;_transform_rotateZ_effect&quot;:{&quot;unit&quot;:&quot;px&quot;,&quot;size&quot;:13,&quot;sizes&quot;:[]},&quot;_transform_rotateZ_effect_tablet&quot;:{&quot;unit&quot;:&quot;deg&quot;,&quot;size&quot;:&quot;&quot;,&quot;sizes&quot;:[]},&quot;_transform_rotateZ_effect_mobile&quot;:{&quot;unit&quot;:&quot;deg&quot;,&quot;size&quot;:&quot;&quot;,&quot;sizes&quot;:[]}}\" data-widget_type=\"image.default\">\n\t\t\t\t\t\t\t\t\t\t\t\t\t\t\t<img decoding=\"async\" width=\"728\" height=\"958\" src=\"https:\/\/mjgvisuals.de\/wp-content\/uploads\/2025\/10\/tattoo-prints.png\" class=\"attachment-large size-large wp-image-69\" alt=\"\" srcset=\"https:\/\/mjgvisuals.de\/wp-content\/uploads\/2025\/10\/tattoo-prints.png 728w, https:\/\/mjgvisuals.de\/wp-content\/uploads\/2025\/10\/tattoo-prints-600x790.png 600w, https:\/\/mjgvisuals.de\/wp-content\/uploads\/2025\/10\/tattoo-prints-228x300.png 228w, https:\/\/mjgvisuals.de\/wp-content\/uploads\/2025\/10\/tattoo-prints-9x12.png 9w\" sizes=\"(max-width: 728px) 100vw, 728px\" \/>\t\t\t\t\t\t\t\t\t\t\t\t\t\t\t<\/div>\n\t\t\t\t<\/div>\n\t\t\t\t<\/div>\n\t\t\t\t\t<\/div>\n\t\t\t\t<\/div>\n\t\t<div class=\"elementor-element elementor-element-29a7ed2 e-flex e-con-boxed elementor-invisible e-con e-parent\" data-id=\"29a7ed2\" data-element_type=\"container\" data-settings=\"{&quot;background_background&quot;:&quot;classic&quot;,&quot;animation&quot;:&quot;fadeInUp&quot;}\">\n\t\t\t\t\t<div class=\"e-con-inner\">\n\t\t<div class=\"elementor-element elementor-element-e0c1ccb e-con-full e-flex e-con e-child\" data-id=\"e0c1ccb\" data-element_type=\"container\">\n\t\t<div class=\"elementor-element elementor-element-f449d87 e-con-full e-flex e-con e-child\" data-id=\"f449d87\" data-element_type=\"container\">\n\t\t<div class=\"elementor-element elementor-element-5a2ad09 e-con-full e-flex e-con e-child\" data-id=\"5a2ad09\" data-element_type=\"container\">\n\t\t<div class=\"elementor-element elementor-element-e4aba69 e-con-full e-flex e-con e-child\" data-id=\"e4aba69\" data-element_type=\"container\">\n\t\t\t\t<div class=\"elementor-element elementor-element-f967f68 elementor-hidden-mobile elementor-widget elementor-widget-heading\" data-id=\"f967f68\" data-element_type=\"widget\" data-widget_type=\"heading.default\">\n\t\t\t\t\t<h2 class=\"elementor-heading-title elementor-size-default\">Merch<\/h2>\t\t\t\t<\/div>\n\t\t\t\t<\/div>\n\t\t<div class=\"elementor-element elementor-element-04fb363 e-con-full e-flex e-con e-child\" data-id=\"04fb363\" data-element_type=\"container\">\n\t\t\t\t<div class=\"elementor-element elementor-element-78f9b30 elementor-widget__width-initial elementor-widget elementor-widget-text-editor\" data-id=\"78f9b30\" data-element_type=\"widget\" data-widget_type=\"text-editor.default\">\n\t\t\t\t\t\t\t\t\t<p>With lots of love and emotion.<\/p>\t\t\t\t\t\t\t\t<\/div>\n\t\t\t\t<div class=\"elementor-element elementor-element-e38d613 elementor-view-stacked elementor-shape-circle elementor-widget elementor-widget-icon\" data-id=\"e38d613\" data-element_type=\"widget\" data-widget_type=\"icon.default\">\n\t\t\t\t\t\t\t<div class=\"elementor-icon-wrapper\">\n\t\t\t<div class=\"elementor-icon\">\n\t\t\t<i aria-hidden=\"true\" class=\"icon icon-right-arrow2\"><\/i>\t\t\t<\/div>\n\t\t<\/div>\n\t\t\t\t\t\t<\/div>\n\t\t\t\t<\/div>\n\t\t\t\t<\/div>\n\t\t<div class=\"elementor-element elementor-element-0c74492 e-con-full e-flex e-con e-child\" data-id=\"0c74492\" data-element_type=\"container\">\n\t\t<div class=\"elementor-element elementor-element-1f00a1e e-con-full e-flex e-con e-child\" data-id=\"1f00a1e\" data-element_type=\"container\" data-settings=\"{&quot;background_background&quot;:&quot;classic&quot;}\">\n\t\t\t\t<div class=\"elementor-element elementor-element-b701414 elementor-widget elementor-widget-heading\" data-id=\"b701414\" data-element_type=\"widget\" data-widget_type=\"heading.default\">\n\t\t\t\t\t<h2 class=\"elementor-heading-title elementor-size-default\">\/ our collection<\/h2>\t\t\t\t<\/div>\n\t\t\t\t<\/div>\n\t\t\t\t<div class=\"elementor-element elementor-element-6420e39 elementor-widget elementor-widget-heading\" data-id=\"6420e39\" data-element_type=\"widget\" data-widget_type=\"heading.default\">\n\t\t\t\t\t<h2 class=\"elementor-heading-title elementor-size-default\">PAINTINGS &amp; ART PRINTS<\/h2>\t\t\t\t<\/div>\n\t\t\t\t<\/div>\n\t\t\t\t<\/div>\n\t\t<div class=\"elementor-element elementor-element-fdfc765 e-con-full e-flex e-con e-child\" data-id=\"fdfc765\" data-element_type=\"container\">\n\t\t<div class=\"elementor-element elementor-element-e765b8f e-con-full e-flex e-con e-child\" data-id=\"e765b8f\" data-element_type=\"container\">\n\t\t\t\t<div class=\"elementor-element elementor-element-b7221d5 elementor-widget elementor-widget-image\" data-id=\"b7221d5\" data-element_type=\"widget\" data-widget_type=\"image.default\">\n\t\t\t\t\t\t\t\t\t\t\t\t\t\t\t<img decoding=\"async\" width=\"696\" height=\"1024\" src=\"https:\/\/mjgvisuals.de\/wp-content\/uploads\/2026\/01\/0BD3220E-45A9-45E1-AA1F-3884F0050827-copy-696x1024.webp\" class=\"attachment-large size-large wp-image-255\" alt=\"\" srcset=\"https:\/\/mjgvisuals.de\/wp-content\/uploads\/2026\/01\/0BD3220E-45A9-45E1-AA1F-3884F0050827-copy-696x1024.webp 696w, https:\/\/mjgvisuals.de\/wp-content\/uploads\/2026\/01\/0BD3220E-45A9-45E1-AA1F-3884F0050827-copy-204x300.webp 204w, https:\/\/mjgvisuals.de\/wp-content\/uploads\/2026\/01\/0BD3220E-45A9-45E1-AA1F-3884F0050827-copy-768x1130.webp 768w, https:\/\/mjgvisuals.de\/wp-content\/uploads\/2026\/01\/0BD3220E-45A9-45E1-AA1F-3884F0050827-copy-1044x1536.webp 1044w, https:\/\/mjgvisuals.de\/wp-content\/uploads\/2026\/01\/0BD3220E-45A9-45E1-AA1F-3884F0050827-copy-8x12.webp 8w, https:\/\/mjgvisuals.de\/wp-content\/uploads\/2026\/01\/0BD3220E-45A9-45E1-AA1F-3884F0050827-copy-600x883.webp 600w, https:\/\/mjgvisuals.de\/wp-content\/uploads\/2026\/01\/0BD3220E-45A9-45E1-AA1F-3884F0050827-copy.webp 1290w\" sizes=\"(max-width: 696px) 100vw, 696px\" \/>\t\t\t\t\t\t\t\t\t\t\t\t\t\t\t<\/div>\n\t\t\t\t<\/div>\n\t\t<div class=\"elementor-element elementor-element-e31fdb6 e-con-full e-flex e-con e-child\" data-id=\"e31fdb6\" data-element_type=\"container\">\n\t\t<div class=\"elementor-element elementor-element-b16e59c e-con-full e-flex e-con e-child\" data-id=\"b16e59c\" data-element_type=\"container\">\n\t\t<div class=\"elementor-element elementor-element-8e53adb e-con-full e-flex e-con e-child\" data-id=\"8e53adb\" data-element_type=\"container\">\n\t\t\t\t<div class=\"elementor-element elementor-element-1bf3de4 elementor-widget elementor-widget-heading\" data-id=\"1bf3de4\" data-element_type=\"widget\" data-widget_type=\"heading.default\">\n\t\t\t\t\t<h5 class=\"elementor-heading-title elementor-size-default\">T-SHIRTS<\/h5>\t\t\t\t<\/div>\n\t\t<div class=\"elementor-element elementor-element-c6c478a e-con-full e-flex e-con e-child\" data-id=\"c6c478a\" data-element_type=\"container\">\n\t\t\t\t<div class=\"elementor-element elementor-element-a718d4f elementor-tablet-align-justify elementor-mobile-align-center elementor-widget elementor-widget-button\" data-id=\"a718d4f\" data-element_type=\"widget\" data-widget_type=\"button.default\">\n\t\t\t\t\t\t\t\t\t\t<a class=\"elementor-button elementor-button-link elementor-size-sm\" href=\"https:\/\/mjgvisuals.de\/en\/merch\/\">\n\t\t\t\t\t\t<span class=\"elementor-button-content-wrapper\">\n\t\t\t\t\t\t<span class=\"elementor-button-icon\">\n\t\t\t\t<i aria-hidden=\"true\" class=\"icon icon-right-arrow2\"><\/i>\t\t\t<\/span>\n\t\t\t\t\t\t\t\t\t<span class=\"elementor-button-text\">View Product<\/span>\n\t\t\t\t\t<\/span>\n\t\t\t\t\t<\/a>\n\t\t\t\t\t\t\t\t<\/div>\n\t\t\t\t<\/div>\n\t\t\t\t<\/div>\n\t\t<div class=\"elementor-element elementor-element-8574e29 e-con-full e-flex e-con e-child\" data-id=\"8574e29\" data-element_type=\"container\">\n\t\t\t\t<div class=\"elementor-element elementor-element-5318d6e elementor-widget elementor-widget-image\" data-id=\"5318d6e\" data-element_type=\"widget\" data-widget_type=\"image.default\">\n\t\t\t\t\t\t\t\t\t\t\t\t\t\t\t<img loading=\"lazy\" decoding=\"async\" width=\"768\" height=\"1024\" src=\"https:\/\/mjgvisuals.de\/wp-content\/uploads\/woo-watermark\/2025\/10\/A457D4BD-22D7-44B2-8D9F-8FEA2CE1909B-768x1024.jpg\" class=\"attachment-large size-large wp-image-201\" alt=\"\" srcset=\"https:\/\/mjgvisuals.de\/wp-content\/uploads\/woo-watermark\/2025\/10\/A457D4BD-22D7-44B2-8D9F-8FEA2CE1909B-768x1024.jpg 768w, https:\/\/mjgvisuals.de\/wp-content\/uploads\/woo-watermark\/2025\/10\/A457D4BD-22D7-44B2-8D9F-8FEA2CE1909B-225x300.jpg 225w, https:\/\/mjgvisuals.de\/wp-content\/uploads\/woo-watermark\/2025\/10\/A457D4BD-22D7-44B2-8D9F-8FEA2CE1909B-1152x1536.jpg 1152w, https:\/\/mjgvisuals.de\/wp-content\/uploads\/woo-watermark\/2025\/10\/A457D4BD-22D7-44B2-8D9F-8FEA2CE1909B-1536x2048.jpg 1536w, https:\/\/mjgvisuals.de\/wp-content\/uploads\/2025\/10\/A457D4BD-22D7-44B2-8D9F-8FEA2CE1909B-9x12.jpg 9w, https:\/\/mjgvisuals.de\/wp-content\/uploads\/woo-watermark\/2025\/10\/A457D4BD-22D7-44B2-8D9F-8FEA2CE1909B-600x800.jpg 600w, https:\/\/mjgvisuals.de\/wp-content\/uploads\/woo-watermark\/2025\/10\/A457D4BD-22D7-44B2-8D9F-8FEA2CE1909B-scaled.jpg 1920w\" sizes=\"(max-width: 768px) 100vw, 768px\" \/>\t\t\t\t\t\t\t\t\t\t\t\t\t\t\t<\/div>\n\t\t\t\t<\/div>\n\t\t\t\t<\/div>\n\t\t<div class=\"elementor-element elementor-element-f9a17a5 e-con-full e-flex e-con e-child\" data-id=\"f9a17a5\" data-element_type=\"container\">\n\t\t<div class=\"elementor-element elementor-element-518775f e-con-full e-flex e-con e-child\" data-id=\"518775f\" data-element_type=\"container\">\n\t\t\t\t<div class=\"elementor-element elementor-element-63c6779 elementor-widget elementor-widget-image\" data-id=\"63c6779\" data-element_type=\"widget\" data-widget_type=\"image.default\">\n\t\t\t\t\t\t\t\t\t\t\t\t\t\t\t<img loading=\"lazy\" decoding=\"async\" width=\"683\" height=\"1024\" src=\"https:\/\/mjgvisuals.de\/wp-content\/uploads\/woo-watermark\/2025\/10\/FB5BE4BD-F9E4-4465-A15F-167C12CCE52F-683x1024.jpeg\" class=\"attachment-large size-large wp-image-203\" alt=\"\" srcset=\"https:\/\/mjgvisuals.de\/wp-content\/uploads\/woo-watermark\/2025\/10\/FB5BE4BD-F9E4-4465-A15F-167C12CCE52F-683x1024.jpeg 683w, https:\/\/mjgvisuals.de\/wp-content\/uploads\/woo-watermark\/2025\/10\/FB5BE4BD-F9E4-4465-A15F-167C12CCE52F-200x300.jpeg 200w, https:\/\/mjgvisuals.de\/wp-content\/uploads\/woo-watermark\/2025\/10\/FB5BE4BD-F9E4-4465-A15F-167C12CCE52F-768x1151.jpeg 768w, https:\/\/mjgvisuals.de\/wp-content\/uploads\/woo-watermark\/2025\/10\/FB5BE4BD-F9E4-4465-A15F-167C12CCE52F-1025x1536.jpeg 1025w, https:\/\/mjgvisuals.de\/wp-content\/uploads\/2025\/10\/FB5BE4BD-F9E4-4465-A15F-167C12CCE52F-8x12.jpeg 8w, https:\/\/mjgvisuals.de\/wp-content\/uploads\/woo-watermark\/2025\/10\/FB5BE4BD-F9E4-4465-A15F-167C12CCE52F-600x899.jpeg 600w, https:\/\/mjgvisuals.de\/wp-content\/uploads\/woo-watermark\/2025\/10\/FB5BE4BD-F9E4-4465-A15F-167C12CCE52F.jpeg 1268w\" sizes=\"(max-width: 683px) 100vw, 683px\" \/>\t\t\t\t\t\t\t\t\t\t\t\t\t\t\t<\/div>\n\t\t\t\t<\/div>\n\t\t<div class=\"elementor-element elementor-element-d78b23c e-con-full e-flex e-con e-child\" data-id=\"d78b23c\" data-element_type=\"container\">\n\t\t<div class=\"elementor-element elementor-element-1ccb6d5 e-con-full e-flex e-con e-child\" data-id=\"1ccb6d5\" data-element_type=\"container\">\n\t\t\t\t<div class=\"elementor-element elementor-element-f145527 elementor-widget-tablet__width-initial elementor-widget elementor-widget-heading\" data-id=\"f145527\" data-element_type=\"widget\" data-widget_type=\"heading.default\">\n\t\t\t\t\t<h5 class=\"elementor-heading-title elementor-size-default\">ORIGINAL PAINTINGS<\/h5>\t\t\t\t<\/div>\n\t\t\t\t<div class=\"elementor-element elementor-element-ccdaadf elementor-widget elementor-widget-text-editor\" data-id=\"ccdaadf\" data-element_type=\"widget\" data-widget_type=\"text-editor.default\">\n\t\t\t\t\t\t\t\t\t<p>Paintings available upon request.<\/p>\t\t\t\t\t\t\t\t<\/div>\n\t\t\t\t<div class=\"elementor-element elementor-element-c042ce5 elementor-tablet-align-justify elementor-mobile-align-center elementor-widget elementor-widget-button\" data-id=\"c042ce5\" data-element_type=\"widget\" data-widget_type=\"button.default\">\n\t\t\t\t\t\t\t\t\t\t<a class=\"elementor-button elementor-button-link elementor-size-sm\" href=\"https:\/\/mjgvisuals.de\/en\/originalgemaelde\/\">\n\t\t\t\t\t\t<span class=\"elementor-button-content-wrapper\">\n\t\t\t\t\t\t<span class=\"elementor-button-icon\">\n\t\t\t\t<i aria-hidden=\"true\" class=\"icon icon-right-arrow2\"><\/i>\t\t\t<\/span>\n\t\t\t\t\t\t\t\t\t<span class=\"elementor-button-text\">View Product<\/span>\n\t\t\t\t\t<\/span>\n\t\t\t\t\t<\/a>\n\t\t\t\t\t\t\t\t<\/div>\n\t\t\t\t<\/div>\n\t\t<div class=\"elementor-element elementor-element-7491448 e-con-full e-flex e-con e-child\" data-id=\"7491448\" data-element_type=\"container\">\n\t\t\t\t<div class=\"elementor-element elementor-element-e80fd6b elementor-widget elementor-widget-heading\" data-id=\"e80fd6b\" data-element_type=\"widget\" data-widget_type=\"heading.default\">\n\t\t\t\t\t<h5 class=\"elementor-heading-title elementor-size-default\">ART PRINTS<\/h5>\t\t\t\t<\/div>\n\t\t\t\t<div class=\"elementor-element elementor-element-2ea4316 elementor-tablet-align-justify elementor-mobile-align-center elementor-widget elementor-widget-button\" data-id=\"2ea4316\" data-element_type=\"widget\" data-widget_type=\"button.default\">\n\t\t\t\t\t\t\t\t\t\t<a class=\"elementor-button elementor-button-link elementor-size-sm\" href=\"https:\/\/mjgvisuals.de\/en\/kunstdrucke\/\">\n\t\t\t\t\t\t<span class=\"elementor-button-content-wrapper\">\n\t\t\t\t\t\t<span class=\"elementor-button-icon\">\n\t\t\t\t<i aria-hidden=\"true\" class=\"icon icon-right-arrow2\"><\/i>\t\t\t<\/span>\n\t\t\t\t\t\t\t\t\t<span class=\"elementor-button-text\">View Product<\/span>\n\t\t\t\t\t<\/span>\n\t\t\t\t\t<\/a>\n\t\t\t\t\t\t\t\t<\/div>\n\t\t\t\t<\/div>\n\t\t\t\t<\/div>\n\t\t\t\t<\/div>\n\t\t\t\t<\/div>\n\t\t\t\t<\/div>\n\t\t\t\t<\/div>\n\t\t\t\t<div class=\"elementor-element elementor-element-7aca497 elementor-widget__width-inherit elementor-absolute elementor-widget elementor-widget-image\" data-id=\"7aca497\" data-element_type=\"widget\" data-settings=\"{&quot;_position&quot;:&quot;absolute&quot;}\" data-widget_type=\"image.default\">\n\t\t\t\t\t\t\t\t\t\t\t\t\t\t\t<img loading=\"lazy\" decoding=\"async\" width=\"800\" height=\"800\" src=\"https:\/\/mjgvisuals.de\/wp-content\/uploads\/2025\/10\/own-gradient-1-1024x1024.png\" class=\"attachment-large size-large wp-image-28\" alt=\"\" srcset=\"https:\/\/mjgvisuals.de\/wp-content\/uploads\/2025\/10\/own-gradient-1-1024x1024.png 1024w, https:\/\/mjgvisuals.de\/wp-content\/uploads\/2025\/10\/own-gradient-1-300x300.png 300w, https:\/\/mjgvisuals.de\/wp-content\/uploads\/2025\/10\/own-gradient-1-100x100.png 100w, https:\/\/mjgvisuals.de\/wp-content\/uploads\/2025\/10\/own-gradient-1-600x600.png 600w, https:\/\/mjgvisuals.de\/wp-content\/uploads\/2025\/10\/own-gradient-1-150x150.png 150w, https:\/\/mjgvisuals.de\/wp-content\/uploads\/2025\/10\/own-gradient-1-768x768.png 768w, https:\/\/mjgvisuals.de\/wp-content\/uploads\/2025\/10\/own-gradient-1-12x12.png 12w, https:\/\/mjgvisuals.de\/wp-content\/uploads\/2025\/10\/own-gradient-1-650x650.png 650w, https:\/\/mjgvisuals.de\/wp-content\/uploads\/2025\/10\/own-gradient-1.png 1080w\" sizes=\"(max-width: 800px) 100vw, 800px\" \/>\t\t\t\t\t\t\t\t\t\t\t\t\t\t\t<\/div>\n\t\t\t\t\t<\/div>\n\t\t\t\t<\/div>\n\t\t\t\t<\/div>","protected":false},"excerpt":{"rendered":"<p>Unsere Kollektion Bereit, deinen neuen Liebling zu finden? Merch Mit viel Liebe und Emotionen. \/ our collection Gem\u00e4lde &amp; Kunstdrucke T-SHIRTS Zum Produkt Originalgem\u00e4lde Gem\u00e4lde auf Anfrage erh\u00e4ltlich. Zum Produkt Kunstdrucke Zum Produkt<\/p>","protected":false},"author":2,"featured_media":0,"parent":0,"menu_order":0,"comment_status":"closed","ping_status":"closed","template":"elementor_header_footer","meta":{"footnotes":""},"class_list":["post-246","page","type-page","status-publish","hentry"],"_links":{"self":[{"href":"https:\/\/mjgvisuals.de\/en\/wp-json\/wp\/v2\/pages\/246","targetHints":{"allow":["GET"]}}],"collection":[{"href":"https:\/\/mjgvisuals.de\/en\/wp-json\/wp\/v2\/pages"}],"about":[{"href":"https:\/\/mjgvisuals.de\/en\/wp-json\/wp\/v2\/types\/page"}],"author":[{"embeddable":true,"href":"https:\/\/mjgvisuals.de\/en\/wp-json\/wp\/v2\/users\/2"}],"replies":[{"embeddable":true,"href":"https:\/\/mjgvisuals.de\/en\/wp-json\/wp\/v2\/comments?post=246"}],"version-history":[{"count":0,"href":"https:\/\/mjgvisuals.de\/en\/wp-json\/wp\/v2\/pages\/246\/revisions"}],"wp:attachment":[{"href":"https:\/\/mjgvisuals.de\/en\/wp-json\/wp\/v2\/media?parent=246"}],"curies":[{"name":"wp","href":"https:\/\/api.w.org\/{rel}","templated":true}]}}