{"id":74,"date":"2025-10-18T14:29:36","date_gmt":"2025-10-18T14:29:36","guid":{"rendered":"https:\/\/mjgvisuals.de\/?page_id=74"},"modified":"2025-10-20T04:54:36","modified_gmt":"2025-10-20T04:54:36","slug":"tattoo-aftercare","status":"publish","type":"page","link":"https:\/\/mjgvisuals.de\/en\/tattoo-aftercare\/","title":{"rendered":"Tattoo Aftercare"},"content":{"rendered":"<div data-elementor-type=\"wp-page\" data-elementor-id=\"74\" class=\"elementor elementor-74\" data-elementor-post-type=\"page\">\n\t\t\t\t<div class=\"elementor-element elementor-element-4456e46f e-flex e-con-boxed e-con e-parent\" data-id=\"4456e46f\" data-element_type=\"container\" data-settings=\"{&quot;background_background&quot;:&quot;classic&quot;}\">\n\t\t\t\t\t<div class=\"e-con-inner\">\n\t\t<div class=\"elementor-element elementor-element-440f454d e-con-full e-flex e-con e-child\" data-id=\"440f454d\" data-element_type=\"container\">\n\t\t<div class=\"elementor-element elementor-element-754a56d4 e-con-full elementor-hidden-mobile e-flex e-con e-child\" data-id=\"754a56d4\" data-element_type=\"container\">\n\t\t\t\t<div class=\"elementor-element elementor-element-30fe21ee e-transform elementor-widget elementor-widget-image\" data-id=\"30fe21ee\" data-element_type=\"widget\" data-settings=\"{&quot;_transform_rotateZ_effect&quot;:{&quot;unit&quot;:&quot;px&quot;,&quot;size&quot;:-13,&quot;sizes&quot;:[]},&quot;_transform_rotateZ_effect_tablet&quot;:{&quot;unit&quot;:&quot;deg&quot;,&quot;size&quot;:&quot;&quot;,&quot;sizes&quot;:[]},&quot;_transform_rotateZ_effect_mobile&quot;:{&quot;unit&quot;:&quot;deg&quot;,&quot;size&quot;:&quot;&quot;,&quot;sizes&quot;:[]}}\" data-widget_type=\"image.default\">\n\t\t\t\t\t\t\t\t\t\t\t\t\t\t\t<img fetchpriority=\"high\" decoding=\"async\" width=\"800\" height=\"999\" src=\"https:\/\/mjgvisuals.de\/wp-content\/uploads\/2025\/10\/483739887_18378921901139346_4523356845247788549_n-820x1024.jpg\" class=\"attachment-large size-large wp-image-85\" alt=\"\" srcset=\"https:\/\/mjgvisuals.de\/wp-content\/uploads\/2025\/10\/483739887_18378921901139346_4523356845247788549_n-820x1024.jpg 820w, https:\/\/mjgvisuals.de\/wp-content\/uploads\/2025\/10\/483739887_18378921901139346_4523356845247788549_n-600x750.jpg 600w, https:\/\/mjgvisuals.de\/wp-content\/uploads\/2025\/10\/483739887_18378921901139346_4523356845247788549_n-240x300.jpg 240w, https:\/\/mjgvisuals.de\/wp-content\/uploads\/2025\/10\/483739887_18378921901139346_4523356845247788549_n-768x959.jpg 768w, https:\/\/mjgvisuals.de\/wp-content\/uploads\/2025\/10\/483739887_18378921901139346_4523356845247788549_n-1229x1536.jpg 1229w, https:\/\/mjgvisuals.de\/wp-content\/uploads\/2025\/10\/483739887_18378921901139346_4523356845247788549_n-10x12.jpg 10w, https:\/\/mjgvisuals.de\/wp-content\/uploads\/2025\/10\/483739887_18378921901139346_4523356845247788549_n.jpg 1440w\" sizes=\"(max-width: 800px) 100vw, 800px\" \/>\t\t\t\t\t\t\t\t\t\t\t\t\t\t\t<\/div>\n\t\t\t\t<\/div>\n\t\t<div class=\"elementor-element elementor-element-2fa3281b e-con-full e-flex e-con e-child\" data-id=\"2fa3281b\" data-element_type=\"container\">\n\t\t\t\t<div class=\"elementor-element elementor-element-3469e9d elementor-widget elementor-widget-heading\" data-id=\"3469e9d\" data-element_type=\"widget\" data-widget_type=\"heading.default\">\n\t\t\t\t\t<h1 class=\"elementor-heading-title elementor-size-default\">Tattoo Aftercare<\/h1>\t\t\t\t<\/div>\n\t\t\t\t<div class=\"elementor-element elementor-element-55b129f3 elementor-widget__width-initial elementor-widget elementor-widget-text-editor\" data-id=\"55b129f3\" data-element_type=\"widget\" data-widget_type=\"text-editor.default\">\n\t\t\t\t\t\t\t\t\t<p>How to properly care for your new tattoo<\/p>\t\t\t\t\t\t\t\t<\/div>\n\t\t\t\t<\/div>\n\t\t<div class=\"elementor-element elementor-element-a28d2ca e-con-full elementor-hidden-mobile e-flex e-con e-child\" data-id=\"a28d2ca\" data-element_type=\"container\">\n\t\t\t\t<div class=\"elementor-element elementor-element-9bf8547 e-transform elementor-widget elementor-widget-image\" data-id=\"9bf8547\" data-element_type=\"widget\" data-settings=\"{&quot;_transform_rotateZ_effect&quot;:{&quot;unit&quot;:&quot;px&quot;,&quot;size&quot;:13,&quot;sizes&quot;:[]},&quot;_transform_rotateZ_effect_tablet&quot;:{&quot;unit&quot;:&quot;deg&quot;,&quot;size&quot;:&quot;&quot;,&quot;sizes&quot;:[]},&quot;_transform_rotateZ_effect_mobile&quot;:{&quot;unit&quot;:&quot;deg&quot;,&quot;size&quot;:&quot;&quot;,&quot;sizes&quot;:[]}}\" data-widget_type=\"image.default\">\n\t\t\t\t\t\t\t\t\t\t\t\t\t\t\t<img decoding=\"async\" width=\"768\" height=\"1024\" src=\"https:\/\/mjgvisuals.de\/wp-content\/uploads\/2025\/10\/565007076_18407282101139346_3171419464340479776_n-768x1024.jpg\" class=\"attachment-large size-large wp-image-83\" alt=\"\" srcset=\"https:\/\/mjgvisuals.de\/wp-content\/uploads\/2025\/10\/565007076_18407282101139346_3171419464340479776_n-768x1024.jpg 768w, https:\/\/mjgvisuals.de\/wp-content\/uploads\/2025\/10\/565007076_18407282101139346_3171419464340479776_n-600x800.jpg 600w, https:\/\/mjgvisuals.de\/wp-content\/uploads\/2025\/10\/565007076_18407282101139346_3171419464340479776_n-225x300.jpg 225w, https:\/\/mjgvisuals.de\/wp-content\/uploads\/2025\/10\/565007076_18407282101139346_3171419464340479776_n-1152x1536.jpg 1152w, https:\/\/mjgvisuals.de\/wp-content\/uploads\/2025\/10\/565007076_18407282101139346_3171419464340479776_n-9x12.jpg 9w, https:\/\/mjgvisuals.de\/wp-content\/uploads\/2025\/10\/565007076_18407282101139346_3171419464340479776_n.jpg 1440w\" sizes=\"(max-width: 768px) 100vw, 768px\" \/>\t\t\t\t\t\t\t\t\t\t\t\t\t\t\t<\/div>\n\t\t\t\t<\/div>\n\t\t\t\t<\/div>\n\t\t\t\t\t<\/div>\n\t\t\t\t<\/div>\n\t\t<div class=\"elementor-element elementor-element-755c84f e-flex e-con-boxed e-con e-parent\" data-id=\"755c84f\" data-element_type=\"container\">\n\t\t\t\t\t<div class=\"e-con-inner\">\n\t\t<div class=\"elementor-element elementor-element-601fe6e3 e-con-full e-flex e-con e-child\" data-id=\"601fe6e3\" data-element_type=\"container\">\n\t\t<div class=\"elementor-element elementor-element-5b4160ef e-con-full e-flex e-con e-child\" data-id=\"5b4160ef\" data-element_type=\"container\">\n\t\t<div class=\"elementor-element elementor-element-72ac22f3 e-con-full e-flex e-con e-child\" data-id=\"72ac22f3\" data-element_type=\"container\">\n\t\t<div class=\"elementor-element elementor-element-e9a481 e-con-full e-flex e-con e-child\" data-id=\"e9a481\" data-element_type=\"container\">\n\t\t\t\t<div class=\"elementor-element elementor-element-1dbfde44 elementor-widget-tablet__width-initial elementor-widget__width-initial elementor-widget elementor-widget-heading\" data-id=\"1dbfde44\" data-element_type=\"widget\" data-widget_type=\"heading.default\">\n\t\t\t\t\t<h2 class=\"elementor-heading-title elementor-size-default\">Tattoo Aftercare <\/h2>\t\t\t\t<\/div>\n\t\t\t\t<\/div>\n\t\t<div class=\"elementor-element elementor-element-65b2df30 e-con-full e-flex e-con e-child\" data-id=\"65b2df30\" data-element_type=\"container\">\n\t\t\t\t<div class=\"elementor-element elementor-element-523c4a6c elementor-hidden-mobile elementor-widget elementor-widget-text-editor\" data-id=\"523c4a6c\" data-element_type=\"widget\" data-widget_type=\"text-editor.default\">\n\t\t\t\t\t\t\t\t\t<p>Die richtige Pflege f\u00fcr dein neues Tattoo<\/p>\t\t\t\t\t\t\t\t<\/div>\n\t\t\t\t<div class=\"elementor-element elementor-element-83ed9cb elementor-widget elementor-widget-text-editor\" data-id=\"83ed9cb\" data-element_type=\"widget\" data-widget_type=\"text-editor.default\">\n\t\t\t\t\t\t\t\t\t<p>A fresh tattoo is like a small, open wound, and the correct care is crucially important for the healing process and the later appearance of your body art. Please follow these instructions during the first few weeks:<\/p>\t\t\t\t\t\t\t\t<\/div>\n\t\t\t\t<\/div>\n\t\t\t\t<\/div>\n\t\t\t\t<\/div>\n\t\t\t\t<\/div>\n\t\t<div class=\"elementor-element elementor-element-4e7fbfe5 e-con-full e-flex e-con e-child\" data-id=\"4e7fbfe5\" data-element_type=\"container\">\n\t\t<div class=\"elementor-element elementor-element-36596e2c e-con-full e-flex e-con e-child\" data-id=\"36596e2c\" data-element_type=\"container\" data-settings=\"{&quot;background_background&quot;:&quot;classic&quot;}\">\n\t\t<div class=\"elementor-element elementor-element-59334493 e-con-full e-flex e-con e-child\" data-id=\"59334493\" data-element_type=\"container\">\n\t\t<div class=\"elementor-element elementor-element-2c866188 e-con-full e-flex e-con e-child\" data-id=\"2c866188\" data-element_type=\"container\">\n\t\t\t\t<div class=\"elementor-element elementor-element-4cb84892 elementor-widget elementor-widget-heading\" data-id=\"4cb84892\" data-element_type=\"widget\" data-widget_type=\"heading.default\">\n\t\t\t\t\t<h5 class=\"elementor-heading-title elementor-size-default\">CARE &amp; MOISTURIZING<\/h5>\t\t\t\t<\/div>\n\t\t\t\t<div class=\"elementor-element elementor-element-50a514e0 elementor-widget elementor-widget-text-editor\" data-id=\"50a514e0\" data-element_type=\"widget\" data-widget_type=\"text-editor.default\">\n\t\t\t\t\t\t\t\t\t<p>Trage eine sehr d\u00fcnne Schicht Pflegecreme auf so, als h\u00e4ttest du fast nichts aufgetragen. Zu viel Creme l\u00e4sst die Haut nicht richtig atmen, weicht sie auf und kann die Poren verstopfen. Das kann zu einem verz\u00f6gerten Heilungsprozess oder sogar kleinen Entz\u00fcndungen f\u00fchren. Eine d\u00fcnne Schicht hingegen versorgt dein Tattoo optimal mit Feuchtigkeit, ohne die Haut zu ersticken.<\/p><ol><li>I recommend: Pegasus Tattoo Cream (available in every pharmacy)<\/li><li>Please no Bepanthen! This ointment is too greasy and not suitable for fresh tattoos.<\/li><\/ol><p>Care Interval:<\/p><ul><li>Apply cream in the morning and evening<\/li><li>If needed (e.g., when the tattoo feels tight), also at noon\/midday<\/li><\/ul>\t\t\t\t\t\t\t\t<\/div>\n\t\t\t\t<\/div>\n\t\t\t\t<\/div>\n\t\t\t\t<\/div>\n\t\t<div class=\"elementor-element elementor-element-3749d8d9 e-con-full e-transform e-transform e-flex e-con e-child\" data-id=\"3749d8d9\" data-element_type=\"container\" data-settings=\"{&quot;_transform_scale_effect&quot;:{&quot;unit&quot;:&quot;px&quot;,&quot;size&quot;:1,&quot;sizes&quot;:[]},&quot;_transform_scale_effect_hover&quot;:{&quot;unit&quot;:&quot;px&quot;,&quot;size&quot;:1.05,&quot;sizes&quot;:[]},&quot;_transform_scale_effect_tablet&quot;:{&quot;unit&quot;:&quot;px&quot;,&quot;size&quot;:&quot;&quot;,&quot;sizes&quot;:[]},&quot;_transform_scale_effect_mobile&quot;:{&quot;unit&quot;:&quot;px&quot;,&quot;size&quot;:&quot;&quot;,&quot;sizes&quot;:[]},&quot;_transform_scale_effect_hover_tablet&quot;:{&quot;unit&quot;:&quot;px&quot;,&quot;size&quot;:&quot;&quot;,&quot;sizes&quot;:[]},&quot;_transform_scale_effect_hover_mobile&quot;:{&quot;unit&quot;:&quot;px&quot;,&quot;size&quot;:&quot;&quot;,&quot;sizes&quot;:[]}}\">\n\t\t<div class=\"elementor-element elementor-element-5298f44d e-con-full e-flex e-con e-child\" data-id=\"5298f44d\" data-element_type=\"container\">\n\t\t\t\t<div class=\"elementor-element elementor-element-26ad247f elementor-widget elementor-widget-heading\" data-id=\"26ad247f\" data-element_type=\"widget\" data-widget_type=\"heading.default\">\n\t\t\t\t\t<h5 class=\"elementor-heading-title elementor-size-default\">CLEANING<\/h5>\t\t\t\t<\/div>\n\t\t\t\t<div class=\"elementor-element elementor-element-38e6843 elementor-widget elementor-widget-text-editor\" data-id=\"38e6843\" data-element_type=\"widget\" data-widget_type=\"text-editor.default\">\n\t\t\t\t\t\t\t\t\t<p>Wash your tattoo at home with clear, lukewarm water, without soap or shower gel. Afterward, gently pat the skin dry with Zewa (paper towel) or a lint-free cloth. Please do not use a normal hand towel. Lint and bacteria can interfere with healing.<\/p>\t\t\t\t\t\t\t\t<\/div>\n\t\t\t\t<\/div>\n\t\t\t\t<\/div>\n\t\t<div class=\"elementor-element elementor-element-bed9948 e-con-full e-transform e-transform e-flex e-con e-child\" data-id=\"bed9948\" data-element_type=\"container\" data-settings=\"{&quot;_transform_scale_effect&quot;:{&quot;unit&quot;:&quot;px&quot;,&quot;size&quot;:1,&quot;sizes&quot;:[]},&quot;_transform_scale_effect_hover&quot;:{&quot;unit&quot;:&quot;px&quot;,&quot;size&quot;:1.05,&quot;sizes&quot;:[]},&quot;_transform_scale_effect_tablet&quot;:{&quot;unit&quot;:&quot;px&quot;,&quot;size&quot;:&quot;&quot;,&quot;sizes&quot;:[]},&quot;_transform_scale_effect_mobile&quot;:{&quot;unit&quot;:&quot;px&quot;,&quot;size&quot;:&quot;&quot;,&quot;sizes&quot;:[]},&quot;_transform_scale_effect_hover_tablet&quot;:{&quot;unit&quot;:&quot;px&quot;,&quot;size&quot;:&quot;&quot;,&quot;sizes&quot;:[]},&quot;_transform_scale_effect_hover_mobile&quot;:{&quot;unit&quot;:&quot;px&quot;,&quot;size&quot;:&quot;&quot;,&quot;sizes&quot;:[]}}\">\n\t\t<div class=\"elementor-element elementor-element-55fd01d e-con-full e-flex e-con e-child\" data-id=\"55fd01d\" data-element_type=\"container\">\n\t\t\t\t<div class=\"elementor-element elementor-element-a2495a9 elementor-widget elementor-widget-heading\" data-id=\"a2495a9\" data-element_type=\"widget\" data-widget_type=\"heading.default\">\n\t\t\t\t\t<h5 class=\"elementor-heading-title elementor-size-default\">NIGHT &amp; HYGIENE<\/h5>\t\t\t\t<\/div>\n\t\t\t\t<div class=\"elementor-element elementor-element-a2135ea elementor-widget elementor-widget-text-editor\" data-id=\"a2135ea\" data-element_type=\"widget\" data-widget_type=\"text-editor.default\">\n\t\t\t\t\t\t\t\t\t<p>Do not wear foil (plastic wrap) overnight! Sweat, moisture, and bacteria accumulate under the foil and increase the risk of infection<\/p><p>If you have pets: Pay close attention to ensure no pet hair comes into contact with the tattoo.\u00a0<br \/>If your bed is full of hair $\\rightarrow$ change the sheets before you go to sleep.<\/p>\t\t\t\t\t\t\t\t<\/div>\n\t\t\t\t<\/div>\n\t\t\t\t<\/div>\n\t\t<div class=\"elementor-element elementor-element-3db4928 e-con-full e-transform e-transform e-flex e-con e-child\" data-id=\"3db4928\" data-element_type=\"container\" data-settings=\"{&quot;_transform_scale_effect&quot;:{&quot;unit&quot;:&quot;px&quot;,&quot;size&quot;:1,&quot;sizes&quot;:[]},&quot;_transform_scale_effect_hover&quot;:{&quot;unit&quot;:&quot;px&quot;,&quot;size&quot;:1.05,&quot;sizes&quot;:[]},&quot;_transform_scale_effect_tablet&quot;:{&quot;unit&quot;:&quot;px&quot;,&quot;size&quot;:&quot;&quot;,&quot;sizes&quot;:[]},&quot;_transform_scale_effect_mobile&quot;:{&quot;unit&quot;:&quot;px&quot;,&quot;size&quot;:&quot;&quot;,&quot;sizes&quot;:[]},&quot;_transform_scale_effect_hover_tablet&quot;:{&quot;unit&quot;:&quot;px&quot;,&quot;size&quot;:&quot;&quot;,&quot;sizes&quot;:[]},&quot;_transform_scale_effect_hover_mobile&quot;:{&quot;unit&quot;:&quot;px&quot;,&quot;size&quot;:&quot;&quot;,&quot;sizes&quot;:[]}}\">\n\t\t<div class=\"elementor-element elementor-element-691bfc5 e-con-full e-flex e-con e-child\" data-id=\"691bfc5\" data-element_type=\"container\">\n\t\t\t\t<div class=\"elementor-element elementor-element-dd5d911 elementor-widget elementor-widget-heading\" data-id=\"dd5d911\" data-element_type=\"widget\" data-widget_type=\"heading.default\">\n\t\t\t\t\t<h5 class=\"elementor-heading-title elementor-size-default\">HEALING PROCESS<\/h5>\t\t\t\t<\/div>\n\t\t\t\t<div class=\"elementor-element elementor-element-0c814d7 elementor-widget elementor-widget-text-editor\" data-id=\"0c814d7\" data-element_type=\"widget\" data-widget_type=\"text-editor.default\">\n\t\t\t\t\t\t\t\t\t<p>During the first few days, the tattoo may weep slightly. This is normal. After a few days, the skin begins to peel slightly, similar to sunburn. Please do not scratch or pick at the flaky skin! This can pull out the color and impair the result.<br \/><br \/>After about 2-3 weeks, the top layer of skin has healed, but complete regeneration usually takes 6 to 6 weeks.<\/p>\t\t\t\t\t\t\t\t<\/div>\n\t\t\t\t<\/div>\n\t\t\t\t<\/div>\n\t\t<div class=\"elementor-element elementor-element-0cf438e e-con-full e-transform e-transform e-flex e-con e-child\" data-id=\"0cf438e\" data-element_type=\"container\" data-settings=\"{&quot;_transform_scale_effect&quot;:{&quot;unit&quot;:&quot;px&quot;,&quot;size&quot;:1,&quot;sizes&quot;:[]},&quot;_transform_scale_effect_hover&quot;:{&quot;unit&quot;:&quot;px&quot;,&quot;size&quot;:1.05,&quot;sizes&quot;:[]},&quot;_transform_scale_effect_tablet&quot;:{&quot;unit&quot;:&quot;px&quot;,&quot;size&quot;:&quot;&quot;,&quot;sizes&quot;:[]},&quot;_transform_scale_effect_mobile&quot;:{&quot;unit&quot;:&quot;px&quot;,&quot;size&quot;:&quot;&quot;,&quot;sizes&quot;:[]},&quot;_transform_scale_effect_hover_tablet&quot;:{&quot;unit&quot;:&quot;px&quot;,&quot;size&quot;:&quot;&quot;,&quot;sizes&quot;:[]},&quot;_transform_scale_effect_hover_mobile&quot;:{&quot;unit&quot;:&quot;px&quot;,&quot;size&quot;:&quot;&quot;,&quot;sizes&quot;:[]}}\">\n\t\t<div class=\"elementor-element elementor-element-921ec5d e-con-full e-flex e-con e-child\" data-id=\"921ec5d\" data-element_type=\"container\">\n\t\t\t\t<div class=\"elementor-element elementor-element-2f7db96 elementor-widget elementor-widget-heading\" data-id=\"2f7db96\" data-element_type=\"widget\" data-widget_type=\"heading.default\">\n\t\t\t\t\t<h5 class=\"elementor-heading-title elementor-size-default\">FOR QUESTIONS\n<\/h5>\t\t\t\t<\/div>\n\t\t\t\t<div class=\"elementor-element elementor-element-3b8f0d0 elementor-widget elementor-widget-text-editor\" data-id=\"3b8f0d0\" data-element_type=\"widget\" data-widget_type=\"text-editor.default\">\n\t\t\t\t\t\t\t\t\t<p>If you are unsure or something looks unusual, feel free to send me a message via email or Instagram. I will help you immediately. Aftercare is an important part of your tattoo experience.<\/p>\t\t\t\t\t\t\t\t<\/div>\n\t\t\t\t<\/div>\n\t\t\t\t<\/div>\n\t\t\t\t<\/div>\n\t\t\t\t\t<\/div>\n\t\t\t\t<\/div>\n\t\t\t\t<\/div>","protected":false},"excerpt":{"rendered":"<p>Tattoo Pflege So pflegst du dein neues Tattoo richtig Tattoo Pflege: Die richtige Pflege f\u00fcr dein neues Tattoo Ein frisches Tattoo ist wie eine kleine, offene Wunde und die richtige Pflege entscheidet ma\u00dfgeblich \u00fcber die Heilung und das sp\u00e4tere Aussehen deiner Hautkunst. Bitte halte dich in den ersten Wochen an folgende Hinweise: Pflege &amp; Eincremen [&hellip;]<\/p>","protected":false},"author":2,"featured_media":0,"parent":0,"menu_order":0,"comment_status":"closed","ping_status":"closed","template":"elementor_header_footer","meta":{"footnotes":""},"class_list":["post-74","page","type-page","status-publish","hentry"],"_links":{"self":[{"href":"https:\/\/mjgvisuals.de\/en\/wp-json\/wp\/v2\/pages\/74","targetHints":{"allow":["GET"]}}],"collection":[{"href":"https:\/\/mjgvisuals.de\/en\/wp-json\/wp\/v2\/pages"}],"about":[{"href":"https:\/\/mjgvisuals.de\/en\/wp-json\/wp\/v2\/types\/page"}],"author":[{"embeddable":true,"href":"https:\/\/mjgvisuals.de\/en\/wp-json\/wp\/v2\/users\/2"}],"replies":[{"embeddable":true,"href":"https:\/\/mjgvisuals.de\/en\/wp-json\/wp\/v2\/comments?post=74"}],"version-history":[{"count":0,"href":"https:\/\/mjgvisuals.de\/en\/wp-json\/wp\/v2\/pages\/74\/revisions"}],"wp:attachment":[{"href":"https:\/\/mjgvisuals.de\/en\/wp-json\/wp\/v2\/media?parent=74"}],"curies":[{"name":"wp","href":"https:\/\/api.w.org\/{rel}","templated":true}]}}