{"id":204,"date":"2025-10-19T13:26:40","date_gmt":"2025-10-19T13:26:40","guid":{"rendered":"https:\/\/mjgvisuals.de\/?post_type=product&#038;p=204"},"modified":"2026-01-21T16:02:02","modified_gmt":"2026-01-21T16:02:02","slug":"mjg-visuals-t-shirt","status":"publish","type":"product","link":"https:\/\/mjgvisuals.de\/en\/product\/mjg-visuals-t-shirt\/","title":{"rendered":"MJG Visuals T-Shirt"},"content":{"rendered":"<p class=\"translation-block\">Show your support for MJG Visuals with the official signature t-shirt. Designed for maximum comfort and style, this classic tee is the essential piece of merchandise for fans of the brand's bold, visual art. It's perfect for the studio, casual wear, or gallery visits.<\/p>\n<p>&nbsp;<\/p>\n<p>&nbsp;<\/p>\n<h4>Sold Out !<\/h4>","protected":false},"excerpt":{"rendered":"<p>Zeige deine Unterst\u00fctzung f\u00fcr MJG Visuals mit dem offiziellen Signature T-Shirt. Dieses klassische T-Shirt wurde f\u00fcr maximalen Komfort und Stil entworfen und ist das unverzichtbare Merchandise-St\u00fcck f\u00fcr Fans der k\u00fchnen, visuellen Kunst der Marke. Es ist perfekt f\u00fcr das Atelier, die Freizeit oder Galeriebesuche. &nbsp; &nbsp; Ausverkauft !<\/p>","protected":false},"featured_media":255,"comment_status":"closed","ping_status":"closed","template":"","meta":[],"product_brand":[],"product_cat":[24],"product_tag":[],"class_list":{"0":"post-204","1":"product","2":"type-product","3":"status-publish","4":"has-post-thumbnail","6":"product_cat-merch","8":"first","9":"outofstock","10":"shipping-taxable","11":"product-type-simple"},"_links":{"self":[{"href":"https:\/\/mjgvisuals.de\/en\/wp-json\/wp\/v2\/product\/204","targetHints":{"allow":["GET"]}}],"collection":[{"href":"https:\/\/mjgvisuals.de\/en\/wp-json\/wp\/v2\/product"}],"about":[{"href":"https:\/\/mjgvisuals.de\/en\/wp-json\/wp\/v2\/types\/product"}],"replies":[{"embeddable":true,"href":"https:\/\/mjgvisuals.de\/en\/wp-json\/wp\/v2\/comments?post=204"}],"wp:featuredmedia":[{"embeddable":true,"href":"https:\/\/mjgvisuals.de\/en\/wp-json\/wp\/v2\/media\/255"}],"wp:attachment":[{"href":"https:\/\/mjgvisuals.de\/en\/wp-json\/wp\/v2\/media?parent=204"}],"wp:term":[{"taxonomy":"product_brand","embeddable":true,"href":"https:\/\/mjgvisuals.de\/en\/wp-json\/wp\/v2\/product_brand?post=204"},{"taxonomy":"product_cat","embeddable":true,"href":"https:\/\/mjgvisuals.de\/en\/wp-json\/wp\/v2\/product_cat?post=204"},{"taxonomy":"product_tag","embeddable":true,"href":"https:\/\/mjgvisuals.de\/en\/wp-json\/wp\/v2\/product_tag?post=204"}],"curies":[{"name":"wp","href":"https:\/\/api.w.org\/{rel}","templated":true}]}}